{"id":483,"date":"2023-12-20T19:08:28","date_gmt":"2023-12-20T19:08:28","guid":{"rendered":"https:\/\/moresupervision.mx\/?page_id=483"},"modified":"2023-12-20T19:10:26","modified_gmt":"2023-12-20T19:10:26","slug":"nuestra-politica","status":"publish","type":"page","link":"https:\/\/moresupervision.mx\/index.php\/nuestra-politica\/","title":{"rendered":"Nuestra Pol\u00edtica"},"content":{"rendered":"\n<p><strong>Todos los que trabajamos en More Supervisi\u00f3n, S.A. de C.V., lo&nbsp;<\/strong><strong>hacemos con el objetivo permanente de cumplir la satisfacci\u00f3n,&nbsp;<\/strong><strong>los requerimientos y mejorar las expectativas de Calidad que&nbsp;<\/strong><strong>nuestros clientes esperan de nosotros.<\/strong>\u200b<\/p>\n\n\n\n<p><strong>\u00a0<\/strong>\u200b<strong>More Supervisi\u00f3n S.A. de C.V. est\u00e1 comprometido a realizar la\u00a0entrega-recepci\u00f3n de todos los trabajos en nuestro ramo o en\u00a0su caso las pol\u00edticas que marquen los requisitos de nuestros\u00a0clientes, as\u00ed como el apego total a la reglamentaci\u00f3n vigente.<\/strong>\u200b<\/p>\n\n\n\n<p class=\"has-text-align-left\"><strong>\u00a0<\/strong>\u200b<strong>Nuestras operaciones internas se realizan con la firme\u00a0intenci\u00f3n de usar y mejorar d\u00eda con d\u00eda nuestro Sistema de\u00a0Gesti\u00f3n de la Calidad, as\u00ed como de incrementar el grado de\u00a0estabilidad y crecimiento de nuestros empleados<\/strong><\/p>\n","protected":false},"excerpt":{"rendered":"<p>Todos los que trabajamos en More Supervisi\u00f3n, S.A. de C.V., lo&nbsp;hacemos con el objetivo permanente de cumplir la satisfacci\u00f3n,&nbsp;los requerimientos y mejorar las expectativas de Calidad que&nbsp;nuestros clientes esperan de nosotros.\u200b \u00a0\u200bMore Supervisi\u00f3n S.A. de C.V. est\u00e1 comprometido a realizar la\u00a0entrega-recepci\u00f3n de todos los trabajos en nuestro ramo o en\u00a0su caso las pol\u00edticas que marquen &hellip; <\/p>\n<p class=\"link-more\"><a href=\"https:\/\/moresupervision.mx\/index.php\/nuestra-politica\/\" class=\"more-link\">Continuar leyendo<span class=\"screen-reader-text\"> \u00abNuestra Pol\u00edtica\u00bb<\/span><\/a><\/p>\n","protected":false},"author":1,"featured_media":0,"parent":0,"menu_order":0,"comment_status":"closed","ping_status":"closed","template":"","meta":{"footnotes":""},"class_list":["post-483","page","type-page","status-publish","hentry"],"_links":{"self":[{"href":"https:\/\/moresupervision.mx\/index.php\/wp-json\/wp\/v2\/pages\/483","targetHints":{"allow":["GET"]}}],"collection":[{"href":"https:\/\/moresupervision.mx\/index.php\/wp-json\/wp\/v2\/pages"}],"about":[{"href":"https:\/\/moresupervision.mx\/index.php\/wp-json\/wp\/v2\/types\/page"}],"author":[{"embeddable":true,"href":"https:\/\/moresupervision.mx\/index.php\/wp-json\/wp\/v2\/users\/1"}],"replies":[{"embeddable":true,"href":"https:\/\/moresupervision.mx\/index.php\/wp-json\/wp\/v2\/comments?post=483"}],"version-history":[{"count":2,"href":"https:\/\/moresupervision.mx\/index.php\/wp-json\/wp\/v2\/pages\/483\/revisions"}],"predecessor-version":[{"id":488,"href":"https:\/\/moresupervision.mx\/index.php\/wp-json\/wp\/v2\/pages\/483\/revisions\/488"}],"wp:attachment":[{"href":"https:\/\/moresupervision.mx\/index.php\/wp-json\/wp\/v2\/media?parent=483"}],"curies":[{"name":"wp","href":"https:\/\/api.w.org\/{rel}","templated":true}]}}