{"id":489,"date":"2023-12-20T19:15:36","date_gmt":"2023-12-20T19:15:36","guid":{"rendered":"https:\/\/moresupervision.mx\/?page_id=489"},"modified":"2023-12-20T19:15:36","modified_gmt":"2023-12-20T19:15:36","slug":"mision-y-vision","status":"publish","type":"page","link":"https:\/\/moresupervision.mx\/index.php\/mision-y-vision\/","title":{"rendered":"Misi\u00f3n y Visi\u00f3n"},"content":{"rendered":"\n<p><strong>Misi\u00f3n: \u200b<\/strong><\/p>\n\n\n\n<p>Ser hoy por hoy la mejor empresa en el mercado de la verificaci\u00f3n\u200b y supervisi\u00f3n, teniendo el firme compromiso de estar al d\u00eda de las\u200b nuevas tecnolog\u00edas aplicables a la construcci\u00f3n, as\u00ed como la\u200b capacitaci\u00f3n t\u00e9cnica y humana de nuestro personal y la\u200b actualizaci\u00f3n constante de nuestro Sistema de Gesti\u00f3n de Calidad,\u200b logrando con esto la satisfacci\u00f3n de nuestros clientes.\u200b<\/p>\n\n\n\n<p><strong>Visi\u00f3n: \u200b<\/strong><\/p>\n\n\n\n<p>\u200bVer hacia el futuro, y llegar a \u00e9l todos los d\u00edas como los mejores en el\u200b mercado de la verificaci\u00f3n y supervisi\u00f3n.\u200b Ampliar los horizontes para lograr nuevas oportunidades de trabajo<\/p>\n","protected":false},"excerpt":{"rendered":"<p>Misi\u00f3n: \u200b Ser hoy por hoy la mejor empresa en el mercado de la verificaci\u00f3n\u200b y supervisi\u00f3n, teniendo el firme compromiso de estar al d\u00eda de las\u200b nuevas tecnolog\u00edas aplicables a la construcci\u00f3n, as\u00ed como la\u200b capacitaci\u00f3n t\u00e9cnica y humana de nuestro personal y la\u200b actualizaci\u00f3n constante de nuestro Sistema de Gesti\u00f3n de Calidad,\u200b logrando &hellip; <\/p>\n<p class=\"link-more\"><a href=\"https:\/\/moresupervision.mx\/index.php\/mision-y-vision\/\" class=\"more-link\">Continuar leyendo<span class=\"screen-reader-text\"> \u00abMisi\u00f3n y Visi\u00f3n\u00bb<\/span><\/a><\/p>\n","protected":false},"author":1,"featured_media":0,"parent":0,"menu_order":0,"comment_status":"closed","ping_status":"closed","template":"","meta":{"footnotes":""},"class_list":["post-489","page","type-page","status-publish","hentry"],"_links":{"self":[{"href":"https:\/\/moresupervision.mx\/index.php\/wp-json\/wp\/v2\/pages\/489","targetHints":{"allow":["GET"]}}],"collection":[{"href":"https:\/\/moresupervision.mx\/index.php\/wp-json\/wp\/v2\/pages"}],"about":[{"href":"https:\/\/moresupervision.mx\/index.php\/wp-json\/wp\/v2\/types\/page"}],"author":[{"embeddable":true,"href":"https:\/\/moresupervision.mx\/index.php\/wp-json\/wp\/v2\/users\/1"}],"replies":[{"embeddable":true,"href":"https:\/\/moresupervision.mx\/index.php\/wp-json\/wp\/v2\/comments?post=489"}],"version-history":[{"count":1,"href":"https:\/\/moresupervision.mx\/index.php\/wp-json\/wp\/v2\/pages\/489\/revisions"}],"predecessor-version":[{"id":490,"href":"https:\/\/moresupervision.mx\/index.php\/wp-json\/wp\/v2\/pages\/489\/revisions\/490"}],"wp:attachment":[{"href":"https:\/\/moresupervision.mx\/index.php\/wp-json\/wp\/v2\/media?parent=489"}],"curies":[{"name":"wp","href":"https:\/\/api.w.org\/{rel}","templated":true}]}}