{"id":509,"date":"2023-12-20T19:30:22","date_gmt":"2023-12-20T19:30:22","guid":{"rendered":"https:\/\/moresupervision.mx\/?page_id=509"},"modified":"2023-12-20T19:35:30","modified_gmt":"2023-12-20T19:35:30","slug":"verificacion","status":"publish","type":"page","link":"https:\/\/moresupervision.mx\/index.php\/verificacion\/","title":{"rendered":"Verificaci\u00f3n"},"content":{"rendered":"\n<p>Servicio que tiene como objetivo informar y\/o dictaminar el grado de\u00a0cumplimiento de la obra con el proyecto ejecutivo, normas, especificaciones y\u00a0legislaci\u00f3n aplicable.\u200b <\/p>\n\n\n\n<p>Su funci\u00f3n primordial es la estricta vigilancia de los procesos de planeaci\u00f3n,\u00a0dise\u00f1o y ejecuci\u00f3n, por parte del contratista asegur\u00e1ndose el cumplimiento\u00a0de:\u200b Apego de las especificaciones del proyecto ejecutivo.\u200b<\/p>\n\n\n\n<ul class=\"wp-block-list\">\n<li>Vigilancia en la calidad de ejecuci\u00f3n.\u200b<\/li>\n\n\n\n<li>Conformidad en la legislaci\u00f3n aplicable.\u200b<\/li>\n\n\n\n<li>Control en el avance de ejecuci\u00f3n de la obra.\u200b<\/li>\n\n\n\n<li>Revisa la existencia de medidas de seguridad, higiene y protecci\u00f3n.\u200b<\/li>\n\n\n\n<li>Apego a la Normatividad&nbsp;<\/li>\n<\/ul>\n","protected":false},"excerpt":{"rendered":"<p>Servicio que tiene como objetivo informar y\/o dictaminar el grado de\u00a0cumplimiento de la obra con el proyecto ejecutivo, normas, especificaciones y\u00a0legislaci\u00f3n aplicable.\u200b Su funci\u00f3n primordial es la estricta vigilancia de los procesos de planeaci\u00f3n,\u00a0dise\u00f1o y ejecuci\u00f3n, por parte del contratista asegur\u00e1ndose el cumplimiento\u00a0de:\u200b Apego de las especificaciones del proyecto ejecutivo.\u200b<\/p>\n","protected":false},"author":1,"featured_media":0,"parent":0,"menu_order":0,"comment_status":"closed","ping_status":"closed","template":"","meta":{"footnotes":""},"class_list":["post-509","page","type-page","status-publish","hentry"],"_links":{"self":[{"href":"https:\/\/moresupervision.mx\/index.php\/wp-json\/wp\/v2\/pages\/509","targetHints":{"allow":["GET"]}}],"collection":[{"href":"https:\/\/moresupervision.mx\/index.php\/wp-json\/wp\/v2\/pages"}],"about":[{"href":"https:\/\/moresupervision.mx\/index.php\/wp-json\/wp\/v2\/types\/page"}],"author":[{"embeddable":true,"href":"https:\/\/moresupervision.mx\/index.php\/wp-json\/wp\/v2\/users\/1"}],"replies":[{"embeddable":true,"href":"https:\/\/moresupervision.mx\/index.php\/wp-json\/wp\/v2\/comments?post=509"}],"version-history":[{"count":4,"href":"https:\/\/moresupervision.mx\/index.php\/wp-json\/wp\/v2\/pages\/509\/revisions"}],"predecessor-version":[{"id":526,"href":"https:\/\/moresupervision.mx\/index.php\/wp-json\/wp\/v2\/pages\/509\/revisions\/526"}],"wp:attachment":[{"href":"https:\/\/moresupervision.mx\/index.php\/wp-json\/wp\/v2\/media?parent=509"}],"curies":[{"name":"wp","href":"https:\/\/api.w.org\/{rel}","templated":true}]}}