{"id":521,"date":"2023-12-20T19:33:26","date_gmt":"2023-12-20T19:33:26","guid":{"rendered":"https:\/\/moresupervision.mx\/?page_id=521"},"modified":"2023-12-20T19:44:29","modified_gmt":"2023-12-20T19:44:29","slug":"director-responsable-de-obra","status":"publish","type":"page","link":"https:\/\/moresupervision.mx\/index.php\/director-responsable-de-obra\/","title":{"rendered":"Director Responsable de Obra"},"content":{"rendered":"\n<p>El Director Responsable de Obra es la persona f\u00edsica o moral que tiene los&nbsp;conocimientos t\u00e9cnicos y capacitaci\u00f3n profesional en el \u00e1rea de la&nbsp;construcci\u00f3n y que ha obtenido el registro para ejercer como tal, del&nbsp;gobierno federal.&nbsp;\u200b<\/p>\n\n\n\n<p>\u00a0Su funci\u00f3n principal es la de responder ante el ayuntamiento como\u00a0responsable de las licencias que suscriba en la ejecuci\u00f3n de las obras\u00a0autorizadas por la Direcci\u00f3n correspondiente, revisando en primera\u00a0instancia que los proyectos a su cargo cumplan con todos los requisitos\u00a0que marcan las leyes y reglamentos locales, estatales y federales\u00a0aplicables a la materia, as\u00ed mismo dar\u00e1 seguimiento durante el transcurso\u00a0de la construcci\u00f3n de la obra, hasta su terminaci\u00f3n y elaboraci\u00f3n del acta\u00a0de terminaci\u00f3n de obra.\u200b<\/p>\n\n\n\n<p>Su principal objetivo es impulsar la competitividad en todos los aspectos&nbsp;del desarrollo de un proyecto de construcci\u00f3n.<\/p>\n","protected":false},"excerpt":{"rendered":"<p>El Director Responsable de Obra es la persona f\u00edsica o moral que tiene los&nbsp;conocimientos t\u00e9cnicos y capacitaci\u00f3n profesional en el \u00e1rea de la&nbsp;construcci\u00f3n y que ha obtenido el registro para ejercer como tal, del&nbsp;gobierno federal.&nbsp;\u200b \u00a0Su funci\u00f3n principal es la de responder ante el ayuntamiento como\u00a0responsable de las licencias que suscriba en la ejecuci\u00f3n de &hellip; <\/p>\n<p class=\"link-more\"><a href=\"https:\/\/moresupervision.mx\/index.php\/director-responsable-de-obra\/\" class=\"more-link\">Continuar leyendo<span class=\"screen-reader-text\"> \u00abDirector Responsable de Obra\u00bb<\/span><\/a><\/p>\n","protected":false},"author":1,"featured_media":0,"parent":0,"menu_order":0,"comment_status":"closed","ping_status":"closed","template":"","meta":{"footnotes":""},"class_list":["post-521","page","type-page","status-publish","hentry"],"_links":{"self":[{"href":"https:\/\/moresupervision.mx\/index.php\/wp-json\/wp\/v2\/pages\/521","targetHints":{"allow":["GET"]}}],"collection":[{"href":"https:\/\/moresupervision.mx\/index.php\/wp-json\/wp\/v2\/pages"}],"about":[{"href":"https:\/\/moresupervision.mx\/index.php\/wp-json\/wp\/v2\/types\/page"}],"author":[{"embeddable":true,"href":"https:\/\/moresupervision.mx\/index.php\/wp-json\/wp\/v2\/users\/1"}],"replies":[{"embeddable":true,"href":"https:\/\/moresupervision.mx\/index.php\/wp-json\/wp\/v2\/comments?post=521"}],"version-history":[{"count":2,"href":"https:\/\/moresupervision.mx\/index.php\/wp-json\/wp\/v2\/pages\/521\/revisions"}],"predecessor-version":[{"id":532,"href":"https:\/\/moresupervision.mx\/index.php\/wp-json\/wp\/v2\/pages\/521\/revisions\/532"}],"wp:attachment":[{"href":"https:\/\/moresupervision.mx\/index.php\/wp-json\/wp\/v2\/media?parent=521"}],"curies":[{"name":"wp","href":"https:\/\/api.w.org\/{rel}","templated":true}]}}