{"id":523,"date":"2023-12-20T19:33:41","date_gmt":"2023-12-20T19:33:41","guid":{"rendered":"https:\/\/moresupervision.mx\/?page_id=523"},"modified":"2023-12-20T19:44:51","modified_gmt":"2023-12-20T19:44:51","slug":"gestion-de-proyectos","status":"publish","type":"page","link":"https:\/\/moresupervision.mx\/index.php\/gestion-de-proyectos\/","title":{"rendered":"Gesti\u00f3n de Proyectos"},"content":{"rendered":"\n<p>En More Supervisi\u00f3n S.A. de C.V. hemos desarrollado\u00a0un \u00e1rea con la finalidad de brindar a las empresas del\u00a0ramo de la construcci\u00f3n, la capacitaci\u00f3n t\u00e9cnica de sus\u00a0recursos humanos, as\u00ed como la asesor\u00eda para la\u00a0documentaci\u00f3n y desarrollo de sistemas de gesti\u00f3n de\u00a0calidad que en conjunto promuevan el desarrollo\u00a0sustentable de las empresas.<\/p>\n","protected":false},"excerpt":{"rendered":"<p>En More Supervisi\u00f3n S.A. de C.V. hemos desarrollado\u00a0un \u00e1rea con la finalidad de brindar a las empresas del\u00a0ramo de la construcci\u00f3n, la capacitaci\u00f3n t\u00e9cnica de sus\u00a0recursos humanos, as\u00ed como la asesor\u00eda para la\u00a0documentaci\u00f3n y desarrollo de sistemas de gesti\u00f3n de\u00a0calidad que en conjunto promuevan el desarrollo\u00a0sustentable de las empresas.<\/p>\n","protected":false},"author":1,"featured_media":0,"parent":0,"menu_order":0,"comment_status":"closed","ping_status":"closed","template":"","meta":{"footnotes":""},"class_list":["post-523","page","type-page","status-publish","hentry"],"_links":{"self":[{"href":"https:\/\/moresupervision.mx\/index.php\/wp-json\/wp\/v2\/pages\/523","targetHints":{"allow":["GET"]}}],"collection":[{"href":"https:\/\/moresupervision.mx\/index.php\/wp-json\/wp\/v2\/pages"}],"about":[{"href":"https:\/\/moresupervision.mx\/index.php\/wp-json\/wp\/v2\/types\/page"}],"author":[{"embeddable":true,"href":"https:\/\/moresupervision.mx\/index.php\/wp-json\/wp\/v2\/users\/1"}],"replies":[{"embeddable":true,"href":"https:\/\/moresupervision.mx\/index.php\/wp-json\/wp\/v2\/comments?post=523"}],"version-history":[{"count":2,"href":"https:\/\/moresupervision.mx\/index.php\/wp-json\/wp\/v2\/pages\/523\/revisions"}],"predecessor-version":[{"id":533,"href":"https:\/\/moresupervision.mx\/index.php\/wp-json\/wp\/v2\/pages\/523\/revisions\/533"}],"wp:attachment":[{"href":"https:\/\/moresupervision.mx\/index.php\/wp-json\/wp\/v2\/media?parent=523"}],"curies":[{"name":"wp","href":"https:\/\/api.w.org\/{rel}","templated":true}]}}