{"id":82,"date":"2023-12-05T18:56:54","date_gmt":"2023-12-05T18:56:54","guid":{"rendered":"https:\/\/moresupervision.mx\/index.php\/front_page\/"},"modified":"2023-12-20T21:02:49","modified_gmt":"2023-12-20T21:02:49","slug":"front_page","status":"publish","type":"page","link":"https:\/\/moresupervision.mx\/","title":{"rendered":"\u00bfQui\u00e9nes somos?"},"content":{"rendered":"\n<p>Somos una empresa mexicana especializada en los&nbsp;servicios de Proyecto, Calculo, Construcci\u00f3n,&nbsp;Supervisi\u00f3n, Verificaci\u00f3n, Auditoria y Dictamen&nbsp;&nbsp;T\u00e9cnico en cualquier etapa del proceso de la&nbsp;ejecuci\u00f3n de obra.\u200b Contamos con experiencia de mas de 20 a\u00f1os en el&nbsp;ramo, con un grupo de profesionistas certificados y&nbsp;especializados en diversos tipos de proyectos.<\/p>\n\n\n\n<div class=\"wp-block-group\"><div class=\"wp-block-group__inner-container is-layout-constrained wp-block-group-is-layout-constrained\">\n<figure class=\"wp-block-gallery has-nested-images columns-default is-cropped wp-block-gallery-1 is-layout-flex wp-block-gallery-is-layout-flex\"><\/figure>\n<\/div><\/div>\n","protected":false},"excerpt":{"rendered":"<p>Somos una empresa mexicana especializada en los&nbsp;servicios de Proyecto, Calculo, Construcci\u00f3n,&nbsp;Supervisi\u00f3n, Verificaci\u00f3n, Auditoria y Dictamen&nbsp;&nbsp;T\u00e9cnico en cualquier etapa del proceso de la&nbsp;ejecuci\u00f3n de obra.\u200b Contamos con experiencia de mas de 20 a\u00f1os en el&nbsp;ramo, con un grupo de profesionistas certificados y&nbsp;especializados en diversos tipos de proyectos.<\/p>\n","protected":false},"author":1,"featured_media":0,"parent":0,"menu_order":0,"comment_status":"closed","ping_status":"closed","template":"","meta":{"footnotes":""},"class_list":["post-82","page","type-page","status-publish","hentry"],"_links":{"self":[{"href":"https:\/\/moresupervision.mx\/index.php\/wp-json\/wp\/v2\/pages\/82","targetHints":{"allow":["GET"]}}],"collection":[{"href":"https:\/\/moresupervision.mx\/index.php\/wp-json\/wp\/v2\/pages"}],"about":[{"href":"https:\/\/moresupervision.mx\/index.php\/wp-json\/wp\/v2\/types\/page"}],"author":[{"embeddable":true,"href":"https:\/\/moresupervision.mx\/index.php\/wp-json\/wp\/v2\/users\/1"}],"replies":[{"embeddable":true,"href":"https:\/\/moresupervision.mx\/index.php\/wp-json\/wp\/v2\/comments?post=82"}],"version-history":[{"count":13,"href":"https:\/\/moresupervision.mx\/index.php\/wp-json\/wp\/v2\/pages\/82\/revisions"}],"predecessor-version":[{"id":562,"href":"https:\/\/moresupervision.mx\/index.php\/wp-json\/wp\/v2\/pages\/82\/revisions\/562"}],"wp:attachment":[{"href":"https:\/\/moresupervision.mx\/index.php\/wp-json\/wp\/v2\/media?parent=82"}],"curies":[{"name":"wp","href":"https:\/\/api.w.org\/{rel}","templated":true}]}}